{"id":436,"date":"2021-08-25T13:44:26","date_gmt":"2021-08-25T11:44:26","guid":{"rendered":"https:\/\/carbon-bike-check.com\/?page_id=436"},"modified":"2026-02-02T16:24:23","modified_gmt":"2026-02-02T15:24:23","slug":"pruefung-vereinbaren","status":"publish","type":"page","link":"https:\/\/carbon-bike-check.com\/en\/pruefung-vereinbaren\/","title":{"rendered":"Arrange inspection"},"content":{"rendered":"<div data-elementor-type=\"wp-page\" data-elementor-id=\"436\" class=\"elementor elementor-436\">\n\t\t\t\t\t\t<section class=\"elementor-section elementor-top-section elementor-element elementor-element-ca1f7ce elementor-section-boxed elementor-section-height-default elementor-section-height-default\" data-id=\"ca1f7ce\" data-element_type=\"section\" data-settings=\"{&quot;background_background&quot;:&quot;classic&quot;}\">\n\t\t\t\t\t\t\t<div class=\"elementor-background-overlay\"><\/div>\n\t\t\t\t\t\t\t<div class=\"elementor-container elementor-column-gap-default\">\n\t\t\t\t\t<div class=\"elementor-column elementor-col-100 elementor-top-column elementor-element elementor-element-42a4f63\" data-id=\"42a4f63\" data-element_type=\"column\" data-settings=\"{&quot;background_background&quot;:&quot;classic&quot;}\">\n\t\t\t<div class=\"elementor-widget-wrap elementor-element-populated\">\n\t\t\t\t\t\t<div class=\"elementor-element elementor-element-32a0117 elementor-widget elementor-widget-heading\" data-id=\"32a0117\" data-element_type=\"widget\" data-widget_type=\"heading.default\">\n\t\t\t\t<div class=\"elementor-widget-container\">\n\t\t\t\t\t<h2 class=\"elementor-heading-title elementor-size-default\">In three steps to your thermography inspection<\/h2>\t\t\t\t<\/div>\n\t\t\t\t<\/div>\n\t\t\t\t<div class=\"elementor-element elementor-element-bf661c6 elementor-widget elementor-widget-text-editor\" data-id=\"bf661c6\" data-element_type=\"widget\" data-widget_type=\"text-editor.default\">\n\t\t\t\t<div class=\"elementor-widget-container\">\n\t\t\t\t\t\t\t\t\t<p>1. Fill out the contact form to submit your request to us.<\/p><p>2. Lass dein Carbonbike bei einem Bikeh\u00e4ndler komplett demontieren und schicke uns den Rahmen und\/oder die Gabel zu. Bitte beachte, dass wir Bikes an denen der Lenker, sowie die Kurbelgarnitur noch montiert ist, nicht pr\u00fcfen k\u00f6nnen und diese wieder zur\u00fcckschicken m\u00fcssen. Desweiteren sollten sich diese Teile beim Versand nicht mit im Karton befinden. Wir haften nicht f\u00fcr Transportsch\u00e4den, die durch andere im Karton befindliche Bauteile &#8211; au\u00dfer Rahmen und Gabel &#8211; entstehen.<\/p><p>3. We will check your bike and send you the inspection report, including the assessment, to your email address.<\/p>\t\t\t\t\t\t\t\t<\/div>\n\t\t\t\t<\/div>\n\t\t\t\t\t<\/div>\n\t\t<\/div>\n\t\t\t\t\t<\/div>\n\t\t<\/section>\n\t\t\t\t<section class=\"elementor-section elementor-top-section elementor-element elementor-element-60f47aa elementor-section-boxed elementor-section-height-default elementor-section-height-default\" data-id=\"60f47aa\" data-element_type=\"section\">\n\t\t\t\t\t\t<div class=\"elementor-container elementor-column-gap-default\">\n\t\t\t\t\t<div class=\"elementor-column elementor-col-50 elementor-top-column elementor-element elementor-element-cbf5d6b\" data-id=\"cbf5d6b\" data-element_type=\"column\">\n\t\t\t<div class=\"elementor-widget-wrap elementor-element-populated\">\n\t\t\t\t\t\t<div class=\"elementor-element elementor-element-6e680df elementor-widget elementor-widget-heading\" data-id=\"6e680df\" data-element_type=\"widget\" data-widget_type=\"heading.default\">\n\t\t\t\t<div class=\"elementor-widget-container\">\n\t\t\t\t\t<h2 class=\"elementor-heading-title elementor-size-default\">contact form<\/h2>\t\t\t\t<\/div>\n\t\t\t\t<\/div>\n\t\t\t\t<div class=\"elementor-element elementor-element-eec22ad elementor-widget elementor-widget-text-editor\" data-id=\"eec22ad\" data-element_type=\"widget\" data-widget_type=\"text-editor.default\">\n\t\t\t\t<div class=\"elementor-widget-container\">\n\t\t\t\t\t\t\t\t\t<p><span style=\"color: rgb(80, 87, 94); font-family: -apple-system, BlinkMacSystemFont, &quot;Segoe UI&quot;, Roboto, Oxygen-Sans, Ubuntu, Cantarell, &quot;Helvetica Neue&quot;, sans-serif; font-size: 13px; background-color: rgb(255, 255, 255);\"><div class=\"wpforms-container wpforms-container-full\" id=\"wpforms-402\"><form id=\"wpforms-form-402\" class=\"wpforms-validate wpforms-form wpforms-ajax-form\" data-formid=\"402\" method=\"post\" enctype=\"multipart\/form-data\" action=\"\/en\/wp-json\/wp\/v2\/pages\/436\" data-token=\"2dfcb33bd445f8b01d73feaf10bd5691\" data-token-time=\"1776873242\" data-trp-original-action=\"\/en\/wp-json\/wp\/v2\/pages\/436\"><noscript class=\"wpforms-error-noscript\">Please enable JavaScript in your browser to complete this form.<\/noscript><div class=\"wpforms-field-container\"><div id=\"wpforms-402-field_0-container\" class=\"wpforms-field wpforms-field-name\" data-field-id=\"0\"><label class=\"wpforms-field-label\">Name <span class=\"wpforms-required-label\">*<\/span><\/label><div class=\"wpforms-field-row wpforms-field-medium\"><div class=\"wpforms-field-row-block wpforms-first wpforms-one-half\"><input type=\"text\" id=\"wpforms-402-field_0\" class=\"wpforms-field-name-first wpforms-field-required\" name=\"wpforms[fields][0][first]\" required><label for=\"wpforms-402-field_0\" class=\"wpforms-field-sublabel after\">First<\/label><\/div><div class=\"wpforms-field-row-block wpforms-one-half\"><input type=\"text\" id=\"wpforms-402-field_0-last\" class=\"wpforms-field-name-last wpforms-field-required\" name=\"wpforms[fields][0][last]\" required><label for=\"wpforms-402-field_0-last\" class=\"wpforms-field-sublabel after\">Last<\/label><\/div><\/div><\/div><div id=\"wpforms-402-field_1-container\" class=\"wpforms-field wpforms-field-email\" data-field-id=\"1\"><label class=\"wpforms-field-label\" for=\"wpforms-402-field_1\">E-mail <span class=\"wpforms-required-label\">*<\/span><\/label><input type=\"email\" id=\"wpforms-402-field_1\" class=\"wpforms-field-medium wpforms-field-required\" name=\"wpforms[fields][1]\" spellcheck=\"false\" required><\/div><div id=\"wpforms-402-field_15-container\" class=\"wpforms-field wpforms-field-text\" data-field-id=\"15\"><label class=\"wpforms-field-label\" for=\"wpforms-402-field_15\">Telephone \/ mobile number<\/label><input type=\"text\" id=\"wpforms-402-field_15\" class=\"wpforms-field-medium\" name=\"wpforms[fields][15]\" ><\/div><div id=\"wpforms-402-field_11-container\" class=\"wpforms-field wpforms-field-select wpforms-field-select-style-classic\" data-field-id=\"11\"><label class=\"wpforms-field-label\" for=\"wpforms-402-field_11\">What is sent? <span class=\"wpforms-required-label\">*<\/span><\/label><select id=\"wpforms-402-field_11\" class=\"wpforms-field-medium wpforms-field-required\" name=\"wpforms[fields][11]\" required=\"required\"><option value=\"Rahmen 200\u20ac\"  selected='selected'>Rahmen 200\u20ac<\/option><option value=\"Gabel 100\u20ac\" >Gabel 100\u20ac<\/option><option value=\"Rahmen &amp; Gabel 275\u20ac\" >Rahmen &amp; Gabel 275\u20ac<\/option><option value=\"Detailpr\u00fcfung 100\u20ac\" >Detailpr\u00fcfung 100\u20ac<\/option><\/select><\/div><div id=\"wpforms-402-field_14-container\" class=\"wpforms-field wpforms-field-text\" data-field-id=\"14\"><label class=\"wpforms-field-label\" for=\"wpforms-402-field_14\">Brand and model <span class=\"wpforms-required-label\">*<\/span><\/label><input type=\"text\" id=\"wpforms-402-field_14\" class=\"wpforms-field-medium wpforms-field-required\" name=\"wpforms[fields][14]\" required><\/div><div id=\"wpforms-402-field_12-container\" class=\"wpforms-field wpforms-field-textarea\" data-field-id=\"12\"><label class=\"wpforms-field-label\" for=\"wpforms-402-field_12\">Billing and shipping address <span class=\"wpforms-required-label\">*<\/span><\/label><textarea id=\"wpforms-402-field_12\" class=\"wpforms-field-medium wpforms-field-required\" name=\"wpforms[fields][12]\" required><\/textarea><div class=\"wpforms-field-description\">Note: We do not bill insurance companies. <br \/><br \/>\nIf the billing address does not match the shipping address, we kindly ask you to write it down as well.\n<br \/><br \/>\nIf you bring the frame and\/or fork yourself, please enter the billing address anyway.\n<\/div><\/div><div id=\"wpforms-402-field_2-container\" class=\"wpforms-field wpforms-field-textarea\" data-field-id=\"2\"><label class=\"wpforms-field-label\" for=\"wpforms-402-field_2\">What happened?<\/label><textarea id=\"wpforms-402-field_2\" class=\"wpforms-field-medium\" name=\"wpforms[fields][2]\" ><\/textarea><\/div><div id=\"wpforms-402-field_3-container\" class=\"wpforms-field wpforms-field-checkbox\" data-field-id=\"3\"><label class=\"wpforms-field-label\">Welche Versandtversicherung soll beim R\u00fcckversand verwendet werden? <span class=\"wpforms-required-label\">*<\/span><\/label><ul id=\"wpforms-402-field_3\" class=\"wpforms-field-required\" data-choice-limit=\"1\"><li class=\"choice-4 depth-1\"><input type=\"checkbox\" id=\"wpforms-402-field_3_4\" data-rule-check-limit=\"true\" name=\"wpforms[fields][3][]\" value=\"Keine Transportversicherung\" required><label class=\"wpforms-field-label-inline\" for=\"wpforms-402-field_3_4\">Keine Transportversicherung<\/label><\/li><li class=\"choice-1 depth-1\"><input type=\"checkbox\" id=\"wpforms-402-field_3_1\" data-rule-check-limit=\"true\" name=\"wpforms[fields][3][]\" value=\"Transportversicherung bis 2.500\u20ac (+6,00\u20ac)\" required><label class=\"wpforms-field-label-inline\" for=\"wpforms-402-field_3_1\">Transport insurance up to \u20ac2,500 (+\u20ac6.00)<\/label><\/li><li class=\"choice-2 depth-1\"><input type=\"checkbox\" id=\"wpforms-402-field_3_2\" data-rule-check-limit=\"true\" name=\"wpforms[fields][3][]\" value=\"Transportversicherung bis 25.000\u20ac (+18,00\u20ac)\" required><label class=\"wpforms-field-label-inline\" for=\"wpforms-402-field_3_2\">Transport insurance up to \u20ac25.000 (+\u20ac18.00)<\/label><\/li><li class=\"choice-3 depth-1\"><input type=\"checkbox\" id=\"wpforms-402-field_3_3\" data-rule-check-limit=\"true\" name=\"wpforms[fields][3][]\" value=\"Selbstabholer (+0\u20ac)\" required><label class=\"wpforms-field-label-inline\" for=\"wpforms-402-field_3_3\">Pickup (+0\u20ac)<\/label><\/li><\/ul><div class=\"wpforms-field-description\">Gilt nur f\u00fcr den Versand innerhalb Deutschlands. <\/div><\/div><div id=\"wpforms-402-field_16-container\" class=\"wpforms-field wpforms-field-checkbox\" data-field-id=\"16\"><ul id=\"wpforms-402-field_16\" class=\"wpforms-field-required\"><li class=\"choice-1 depth-1\"><input type=\"checkbox\" id=\"wpforms-402-field_16_1\" name=\"wpforms[fields][16][]\" value=\"Mit dem Absenden dieses Formulars erkl\u00e4rst du dich mit der Speicherung deiner Daten gem\u00e4\u00df unserer &lt;a href=&quot;\/Datenschutz&quot; target=&quot;_blank&quot;&gt;Datenschutzerkl\u00e4rung&lt;\/a&gt; einverstanden.\" required><label class=\"wpforms-field-label-inline\" for=\"wpforms-402-field_16_1\">By submitting this form you agree to the storage of your data in accordance with our <a href=\"\/en\/Datenschutz\/\" target=\"_blank\">privacy policy<\/a> .<\/label><\/li><\/ul><\/div><\/div><!-- .wpforms-field-container --><div class=\"wpforms-recaptcha-container wpforms-is-recaptcha wpforms-is-recaptcha-type-v2\" ><div class=\"g-recaptcha\" data-sitekey=\"6LdsS1MgAAAAAGZY79U41eZad_mhvrsEjJZ7a5R7\"><\/div><input type=\"text\" name=\"g-recaptcha-hidden\" class=\"wpforms-recaptcha-hidden\" style=\"position:absolute!important;clip:rect(0,0,0,0)!important;height:1px!important;width:1px!important;border:0!important;overflow:hidden!important;padding:0!important;margin:0!important;\" data-rule-recaptcha=\"1\"><\/div><div class=\"wpforms-submit-container\" ><input type=\"hidden\" name=\"wpforms[id]\" value=\"402\"><input type=\"hidden\" name=\"page_title\" value=\"\"><input type=\"hidden\" name=\"page_url\" value=\"https:\/\/carbon-bike-check.com\/en\/wp-json\/wp\/v2\/pages\/436\"><input type=\"hidden\" name=\"url_referer\" value=\"\"><button type=\"submit\" name=\"wpforms[submit]\" id=\"wpforms-submit-402\" class=\"wpforms-submit\" data-alt-text=\"Sending...\" data-submit-text=\"Abschicken\" aria-live=\"assertive\" value=\"wpforms-submit\">Send<\/button><img decoding=\"async\" src=\"https:\/\/carbon-bike-check.com\/wp-content\/plugins\/wpforms-lite\/assets\/images\/submit-spin.svg\" class=\"wpforms-submit-spinner\" style=\"display: none;\" width=\"26\" height=\"26\" alt=\"Loading\"><\/div><input type=\"hidden\" name=\"trp-form-language\" value=\"en\"\/><\/form><\/div>  <!-- .wpforms-container --><\/span><br><\/p>\t\t\t\t\t\t\t\t<\/div>\n\t\t\t\t<\/div>\n\t\t\t\t\t<\/div>\n\t\t<\/div>\n\t\t\t\t<div class=\"elementor-column elementor-col-50 elementor-top-column elementor-element elementor-element-710c5fb\" data-id=\"710c5fb\" data-element_type=\"column\">\n\t\t\t<div class=\"elementor-widget-wrap elementor-element-populated\">\n\t\t\t\t\t\t<div class=\"elementor-element elementor-element-15d3fa5 elementor-widget elementor-widget-image\" data-id=\"15d3fa5\" data-element_type=\"widget\" data-widget_type=\"image.default\">\n\t\t\t\t<div class=\"elementor-widget-container\">\n\t\t\t\t\t\t\t\t\t\t\t\t\t\t\t<img fetchpriority=\"high\" decoding=\"async\" width=\"768\" height=\"1024\" src=\"https:\/\/carbon-bike-check.com\/wp-content\/uploads\/2022\/02\/PruefanlageTest-768x1024.jpg\" class=\"attachment-large size-large wp-image-2202\" alt=\"\" srcset=\"https:\/\/carbon-bike-check.com\/wp-content\/uploads\/2022\/02\/PruefanlageTest-768x1024.jpg 768w, https:\/\/carbon-bike-check.com\/wp-content\/uploads\/2022\/02\/PruefanlageTest-225x300.jpg 225w, https:\/\/carbon-bike-check.com\/wp-content\/uploads\/2022\/02\/PruefanlageTest-1152x1536.jpg 1152w, https:\/\/carbon-bike-check.com\/wp-content\/uploads\/2022\/02\/PruefanlageTest-9x12.jpg 9w, https:\/\/carbon-bike-check.com\/wp-content\/uploads\/2022\/02\/PruefanlageTest.jpg 1500w\" sizes=\"(max-width: 768px) 100vw, 768px\" \/>\t\t\t\t\t\t\t\t\t\t\t\t\t\t\t<\/div>\n\t\t\t\t<\/div>\n\t\t\t\t\t<\/div>\n\t\t<\/div>\n\t\t\t\t\t<\/div>\n\t\t<\/section>\n\t\t\t\t<section class=\"elementor-section elementor-top-section elementor-element elementor-element-da2c485 elementor-section-boxed elementor-section-height-default elementor-section-height-default\" data-id=\"da2c485\" data-element_type=\"section\" data-settings=\"{&quot;background_background&quot;:&quot;classic&quot;}\">\n\t\t\t\t\t\t\t<div class=\"elementor-background-overlay\"><\/div>\n\t\t\t\t\t\t\t<div class=\"elementor-container elementor-column-gap-default\">\n\t\t\t\t\t<div class=\"elementor-column elementor-col-100 elementor-top-column elementor-element elementor-element-869452a\" data-id=\"869452a\" data-element_type=\"column\">\n\t\t\t<div class=\"elementor-widget-wrap elementor-element-populated\">\n\t\t\t\t\t\t<div class=\"elementor-element elementor-element-dabc510 elementor-widget elementor-widget-heading\" data-id=\"dabc510\" data-element_type=\"widget\" data-widget_type=\"heading.default\">\n\t\t\t\t<div class=\"elementor-widget-container\">\n\t\t\t\t\t<h2 class=\"elementor-heading-title elementor-size-default\">What's next?<\/h2>\t\t\t\t<\/div>\n\t\t\t\t<\/div>\n\t\t\t\t<div class=\"elementor-element elementor-element-1302afd elementor-widget elementor-widget-text-editor\" data-id=\"1302afd\" data-element_type=\"widget\" data-widget_type=\"text-editor.default\">\n\t\t\t\t<div class=\"elementor-widget-container\">\n\t\t\t\t\t\t\t\t\t<p>Sobald du das Kontaktformular ausgef\u00fcllt hast, bekommst du eine Best\u00e4tigungsmail \u00fcber den Erhalt deiner Pr\u00fcfungsanfrage. Anschlie\u00dfend kannst du dein Bike demontieren und es uns zuschicken. Bitte benutze einen stabilen Karton und achte auch auf die Stabilit\u00e4t deines Bikes innerhalb des Kartons. Wir haften nicht f\u00fcr Transportsch\u00e4den, die durch andere im Karton befindliche Bauteile &#8211; au\u00dfer Rahmen und Gabel &#8211; entstehen.<\/p><p>Sobald dein Bike bei uns angekommen ist, werden wir es so schnell wie m\u00f6glich pr\u00fcfen. Die \u00fcbliche Bearbeitungszeit liegt bei 7 Tagen plus Versand. Bei Bedarf kann das Bike auf Anfrage auch schneller bearbeitet werden.<\/p><p>After we have evaluated the thermographic test, we will repackage the bike securely and send it back to you. We send the packages via DHL (<a href=\"https:\/\/www.dhl.de\/de\/privatkunden\/pakete-versenden\/online-frankieren.html?type=ShipmentEditorProductSelection\" target=\"_blank\" rel=\"noopener\">Price DHL<\/a>).<\/p><p>We look forward to your bike!<\/p><p>The Carbon Bike Check Team<\/p><p>\u00a0<\/p>\t\t\t\t\t\t\t\t<\/div>\n\t\t\t\t<\/div>\n\t\t\t\t\t<\/div>\n\t\t<\/div>\n\t\t\t\t\t<\/div>\n\t\t<\/section>\n\t\t\t\t<section class=\"elementor-section elementor-top-section elementor-element elementor-element-44e31aef elementor-section-height-min-height elementor-section-stretched elementor-section-boxed elementor-section-height-default elementor-section-items-middle\" data-id=\"44e31aef\" data-element_type=\"section\" data-settings=\"{&quot;background_background&quot;:&quot;classic&quot;,&quot;stretch_section&quot;:&quot;section-stretched&quot;}\">\n\t\t\t\t\t\t\t<div class=\"elementor-background-overlay\"><\/div>\n\t\t\t\t\t\t\t<div class=\"elementor-container elementor-column-gap-default\">\n\t\t\t\t\t<div class=\"elementor-column elementor-col-50 elementor-top-column elementor-element elementor-element-4f4795a4\" data-id=\"4f4795a4\" data-element_type=\"column\">\n\t\t\t<div class=\"elementor-widget-wrap elementor-element-populated\">\n\t\t\t\t\t\t<div class=\"elementor-element elementor-element-252e87a0 elementor-widget elementor-widget-spacer\" data-id=\"252e87a0\" data-element_type=\"widget\" data-widget_type=\"spacer.default\">\n\t\t\t\t<div class=\"elementor-widget-container\">\n\t\t\t\t\t\t\t<div class=\"elementor-spacer\">\n\t\t\t<div class=\"elementor-spacer-inner\"><\/div>\n\t\t<\/div>\n\t\t\t\t\t\t<\/div>\n\t\t\t\t<\/div>\n\t\t\t\t<div class=\"elementor-element elementor-element-6f0cec9e elementor-widget elementor-widget-heading\" data-id=\"6f0cec9e\" data-element_type=\"widget\" data-widget_type=\"heading.default\">\n\t\t\t\t<div class=\"elementor-widget-container\">\n\t\t\t\t\t<h3 class=\"elementor-heading-title elementor-size-large\">Contact us!<\/h3>\t\t\t\t<\/div>\n\t\t\t\t<\/div>\n\t\t\t\t<div class=\"elementor-element elementor-element-4157c98b elementor-widget-divider--view-line elementor-widget elementor-widget-divider\" data-id=\"4157c98b\" data-element_type=\"widget\" data-widget_type=\"divider.default\">\n\t\t\t\t<div class=\"elementor-widget-container\">\n\t\t\t\t\t\t\t<div class=\"elementor-divider\">\n\t\t\t<span class=\"elementor-divider-separator\">\n\t\t\t\t\t\t<\/span>\n\t\t<\/div>\n\t\t\t\t\t\t<\/div>\n\t\t\t\t<\/div>\n\t\t\t\t<div class=\"elementor-element elementor-element-695a9c05 elementor-icon-list--layout-traditional elementor-list-item-link-full_width elementor-widget elementor-widget-icon-list\" data-id=\"695a9c05\" data-element_type=\"widget\" data-widget_type=\"icon-list.default\">\n\t\t\t\t<div class=\"elementor-widget-container\">\n\t\t\t\t\t\t\t<ul class=\"elementor-icon-list-items\">\n\t\t\t\t\t\t\t<li class=\"elementor-icon-list-item\">\n\t\t\t\t\t\t\t\t\t\t\t<a href=\"https:\/\/carbon-bike-check.com\/en\/pruefung-vereinbaren\/\">\n\n\t\t\t\t\t\t\t\t\t\t\t\t<span class=\"elementor-icon-list-icon\">\n\t\t\t\t\t\t\t<i aria-hidden=\"true\" class=\"fas fa-paperclip\"><\/i>\t\t\t\t\t\t<\/span>\n\t\t\t\t\t\t\t\t\t\t<span class=\"elementor-icon-list-text\">contact form<\/span>\n\t\t\t\t\t\t\t\t\t\t\t<\/a>\n\t\t\t\t\t\t\t\t\t<\/li>\n\t\t\t\t\t\t\t\t<li class=\"elementor-icon-list-item\">\n\t\t\t\t\t\t\t\t\t\t\t<a href=\"mailto:%20info@carbon-bike-check.com\">\n\n\t\t\t\t\t\t\t\t\t\t\t\t<span class=\"elementor-icon-list-icon\">\n\t\t\t\t\t\t\t<i aria-hidden=\"true\" class=\"far fa-envelope\"><\/i>\t\t\t\t\t\t<\/span>\n\t\t\t\t\t\t\t\t\t\t<span class=\"elementor-icon-list-text\">info@carbon-bike-check.com<\/span>\n\t\t\t\t\t\t\t\t\t\t\t<\/a>\n\t\t\t\t\t\t\t\t\t<\/li>\n\t\t\t\t\t\t\t\t<li class=\"elementor-icon-list-item\">\n\t\t\t\t\t\t\t\t\t\t\t<a href=\"tel:%20020%2064%2060%2035%2012\">\n\n\t\t\t\t\t\t\t\t\t\t\t\t<span class=\"elementor-icon-list-icon\">\n\t\t\t\t\t\t\t<i aria-hidden=\"true\" class=\"fas fa-phone\"><\/i>\t\t\t\t\t\t<\/span>\n\t\t\t\t\t\t\t\t\t\t<span class=\"elementor-icon-list-text\">020 64 60 35 12<\/span>\n\t\t\t\t\t\t\t\t\t\t\t<\/a>\n\t\t\t\t\t\t\t\t\t<\/li>\n\t\t\t\t\t\t\t\t<li class=\"elementor-icon-list-item\">\n\t\t\t\t\t\t\t\t\t\t\t<span class=\"elementor-icon-list-icon\">\n\t\t\t\t\t\t\t<i aria-hidden=\"true\" class=\"fas fa-location-arrow\"><\/i>\t\t\t\t\t\t<\/span>\n\t\t\t\t\t\t\t\t\t\t<span class=\"elementor-icon-list-text\">Thyssenstra\u00dfe 183a, 46535 Dinslaken<\/span>\n\t\t\t\t\t\t\t\t\t<\/li>\n\t\t\t\t\t\t<\/ul>\n\t\t\t\t\t\t<\/div>\n\t\t\t\t<\/div>\n\t\t\t\t\t<\/div>\n\t\t<\/div>\n\t\t\t\t<div class=\"elementor-column elementor-col-50 elementor-top-column elementor-element elementor-element-2d846349\" data-id=\"2d846349\" data-element_type=\"column\">\n\t\t\t<div class=\"elementor-widget-wrap elementor-element-populated\">\n\t\t\t\t\t\t<div class=\"elementor-element elementor-element-439c48c4 elementor-widget elementor-widget-shortcode\" data-id=\"439c48c4\" data-element_type=\"widget\" data-widget_type=\"shortcode.default\">\n\t\t\t\t<div class=\"elementor-widget-container\">\n\t\t\t\t\t\t\t<div class=\"elementor-shortcode\">    <div class=\"exggmap-wrapper is-style-wide\" style=\"aspect-ratio:16 \/ 9\">\r\n      <div class=\"exggmap-mask\" style=\"background-color: #ffffff; color:#ffffff\">\r\n        <div class=\"exggmap-mask-content\">\r\n        <p class=\"exggmap-caption\">GDPR MAP<\/p>\r\n            <button style=\"color: #ffffff; background-color: #00959e; border-color: #ffffff\"  id=\"exggmap-btn\">Load Map *<\/button>\r\n        <\/div>\r\n              <\/div>\r\n      <iframe\r\n        data-src=\"https:\/\/www.google.com\/maps\/embed?pb=!1m18!1m12!1m3!1d2480.754557083909!2d6.747950215926329!3d51.55439951508631!2m3!1f0!2f0!3f0!3m2!1i1024!2i768!4f13.1!3m3!1m2!1s0x47b8941534ecaf03%3A0x6fdafe2737377b95!2sThyssenstra%C3%9Fe%20183a%2C%2046535%20Dinslaken!5e0!3m2!1sde!2sde!4v1633348720510!5m2!1sde!2sde\"\r\n        frameborder=\"0\"\r\n        allowfullscreen=\"\"\r\n        aria-hidden=\"false\"\r\n        tabindex=\"0\">\r\n      <\/iframe>\r\n    <\/div>\r\n    <p class=\"exampp-hints\">\r\n    * By loading the map you accept the privacy policy of Google.      <a target=\"_blank\" rel=\"noopener noreferrer\" href=\"https:\/\/policies.google.com\/privacy?hl=en\">learn more<\/a>\r\n    <\/p>\r\n\t<\/div>\n\t\t\t\t\t\t<\/div>\n\t\t\t\t<\/div>\n\t\t\t\t\t<\/div>\n\t\t<\/div>\n\t\t\t\t\t<\/div>\n\t\t<\/section>\n\t\t\t\t<section class=\"elementor-section elementor-top-section elementor-element elementor-element-393a5d60 elementor-section-stretched elementor-section-boxed elementor-section-height-default elementor-section-height-default\" data-id=\"393a5d60\" data-element_type=\"section\" data-settings=\"{&quot;background_background&quot;:&quot;classic&quot;,&quot;stretch_section&quot;:&quot;section-stretched&quot;}\">\n\t\t\t\t\t\t<div class=\"elementor-container elementor-column-gap-default\">\n\t\t\t\t\t<div class=\"elementor-column elementor-col-50 elementor-top-column elementor-element elementor-element-1b85db43\" data-id=\"1b85db43\" data-element_type=\"column\">\n\t\t\t<div class=\"elementor-widget-wrap elementor-element-populated\">\n\t\t\t\t\t\t<div class=\"elementor-element elementor-element-21b32a5f elementor-icon-list--layout-inline elementor-mobile-align-center elementor-list-item-link-full_width elementor-widget elementor-widget-icon-list\" data-id=\"21b32a5f\" data-element_type=\"widget\" data-widget_type=\"icon-list.default\">\n\t\t\t\t<div class=\"elementor-widget-container\">\n\t\t\t\t\t\t\t<ul class=\"elementor-icon-list-items elementor-inline-items\">\n\t\t\t\t\t\t\t<li class=\"elementor-icon-list-item elementor-inline-item\">\n\t\t\t\t\t\t\t\t\t\t\t<a href=\"https:\/\/carbon-bike-check.com\/en\/impressum\/\">\n\n\t\t\t\t\t\t\t\t\t\t\t<span class=\"elementor-icon-list-text\">Imprint<\/span>\n\t\t\t\t\t\t\t\t\t\t\t<\/a>\n\t\t\t\t\t\t\t\t\t<\/li>\n\t\t\t\t\t\t\t\t<li class=\"elementor-icon-list-item elementor-inline-item\">\n\t\t\t\t\t\t\t\t\t\t\t<a href=\"https:\/\/carbon-bike-check.com\/en\/datenschutz\/\">\n\n\t\t\t\t\t\t\t\t\t\t\t<span class=\"elementor-icon-list-text\">Privacy policy<\/span>\n\t\t\t\t\t\t\t\t\t\t\t<\/a>\n\t\t\t\t\t\t\t\t\t<\/li>\n\t\t\t\t\t\t<\/ul>\n\t\t\t\t\t\t<\/div>\n\t\t\t\t<\/div>\n\t\t\t\t\t<\/div>\n\t\t<\/div>\n\t\t\t\t<div class=\"elementor-column elementor-col-50 elementor-top-column elementor-element elementor-element-671f8b6a\" data-id=\"671f8b6a\" data-element_type=\"column\">\n\t\t\t<div class=\"elementor-widget-wrap elementor-element-populated\">\n\t\t\t\t\t\t<div class=\"elementor-element elementor-element-75b1d145 elementor-align-center elementor-widget elementor-widget-button\" data-id=\"75b1d145\" data-element_type=\"widget\" data-widget_type=\"button.default\">\n\t\t\t\t<div class=\"elementor-widget-container\">\n\t\t\t\t\t\t\t\t\t<div class=\"elementor-button-wrapper\">\n\t\t\t\t\t<a class=\"elementor-button elementor-button-link elementor-size-sm elementor-animation-grow\" href=\"#top\">\n\t\t\t\t\t\t<span class=\"elementor-button-content-wrapper\">\n\t\t\t\t\t\t<span class=\"elementor-button-icon\">\n\t\t\t\t<i aria-hidden=\"true\" class=\"fas fa-angle-up\"><\/i>\t\t\t<\/span>\n\t\t\t\t\t\t\t\t\t<span class=\"elementor-button-text\">Back to Top<\/span>\n\t\t\t\t\t<\/span>\n\t\t\t\t\t<\/a>\n\t\t\t\t<\/div>\n\t\t\t\t\t\t\t\t<\/div>\n\t\t\t\t<\/div>\n\t\t\t\t\t<\/div>\n\t\t<\/div>\n\t\t\t\t\t<\/div>\n\t\t<\/section>\n\t\t\t\t<\/div>","protected":false},"excerpt":{"rendered":"<p>In drei Schritten zu deiner Thermografiepr\u00fcfung 1. F\u00fclle das Kontaktformular aus, um uns deine Anfrage einzureichen. 2. Lass dein Carbonbike bei einem Bikeh\u00e4ndler komplett demontieren und schicke uns den Rahmen und\/oder die Gabel zu. Bitte beachte, dass wir Bikes an denen der Lenker, sowie die Kurbelgarnitur noch montiert ist, nicht pr\u00fcfen k\u00f6nnen und diese wieder [&hellip;]<\/p>","protected":false},"author":1,"featured_media":0,"parent":0,"menu_order":0,"comment_status":"closed","ping_status":"closed","template":"elementor_header_footer","meta":{"footnotes":""},"class_list":["post-436","page","type-page","status-publish","hentry","entry"],"_links":{"self":[{"href":"https:\/\/carbon-bike-check.com\/en\/wp-json\/wp\/v2\/pages\/436","targetHints":{"allow":["GET"]}}],"collection":[{"href":"https:\/\/carbon-bike-check.com\/en\/wp-json\/wp\/v2\/pages"}],"about":[{"href":"https:\/\/carbon-bike-check.com\/en\/wp-json\/wp\/v2\/types\/page"}],"author":[{"embeddable":true,"href":"https:\/\/carbon-bike-check.com\/en\/wp-json\/wp\/v2\/users\/1"}],"replies":[{"embeddable":true,"href":"https:\/\/carbon-bike-check.com\/en\/wp-json\/wp\/v2\/comments?post=436"}],"version-history":[{"count":237,"href":"https:\/\/carbon-bike-check.com\/en\/wp-json\/wp\/v2\/pages\/436\/revisions"}],"predecessor-version":[{"id":5427,"href":"https:\/\/carbon-bike-check.com\/en\/wp-json\/wp\/v2\/pages\/436\/revisions\/5427"}],"wp:attachment":[{"href":"https:\/\/carbon-bike-check.com\/en\/wp-json\/wp\/v2\/media?parent=436"}],"curies":[{"name":"wp","href":"https:\/\/api.w.org\/{rel}","templated":true}]}}